{"id":30976,"date":"2025-06-12T11:34:19","date_gmt":"2025-06-12T11:34:19","guid":{"rendered":"https:\/\/flexon-all.com\/?page_id=30976"},"modified":"2025-06-13T14:01:01","modified_gmt":"2025-06-13T14:01:01","slug":"eu-funding-projects","status":"publish","type":"page","link":"https:\/\/flexon-all.com\/ro\/eu-funding-projects\/","title":{"rendered":"Proiecte Fonduri Europene"},"content":{"rendered":"<div data-elementor-type=\"wp-page\" data-elementor-id=\"30976\" class=\"elementor elementor-30976\">\n\t\t\t\t\n\t\t<div class=\"default no-position show_shadow rs-sticky-default elementor-element elementor-element-137cf35 e-flex e-con-boxed e-con e-parent\" data-id=\"137cf35\" data-element_type=\"container\" data-core-v316-plus=\"true\">\n\t\t\t\t\t<div class=\"e-con-inner\">\n\t\t\n\t\t\t\t<div class=\"elementor-element elementor-element-d50ba3b elementor-widget elementor-widget-image\" data-id=\"d50ba3b\" data-element_type=\"widget\" data-widget_type=\"image.default\">\n\t\t\t\t<div class=\"elementor-widget-container\">\n\t\t\t<style>\/*! elementor - v3.20.0 - 10-04-2024 *\/\n.elementor-widget-image{text-align:center}.elementor-widget-image a{display:inline-block}.elementor-widget-image a img[src$=\".svg\"]{width:48px}.elementor-widget-image img{vertical-align:middle;display:inline-block}<\/style>\t\t\t\t\t\t\t\t\t\t<img fetchpriority=\"high\" decoding=\"async\" width=\"1250\" height=\"175\" src=\"https:\/\/flexon-all.com\/wp-content\/uploads\/2025\/06\/regio.png\" class=\"attachment-2048x2048 size-2048x2048 wp-image-30996\" alt=\"\" srcset=\"https:\/\/flexon-all.com\/wp-content\/uploads\/2025\/06\/regio.png 1250w, https:\/\/flexon-all.com\/wp-content\/uploads\/2025\/06\/regio-300x42.png 300w, https:\/\/flexon-all.com\/wp-content\/uploads\/2025\/06\/regio-1024x143.png 1024w, https:\/\/flexon-all.com\/wp-content\/uploads\/2025\/06\/regio-768x108.png 768w, https:\/\/flexon-all.com\/wp-content\/uploads\/2025\/06\/regio-18x3.png 18w\" sizes=\"(max-width: 1250px) 100vw, 1250px\" \/>\t\t\t\t\t\t\t\t\t\t\t\t\t<\/div>\n\t\t\t\t<\/div>\n\t\t\t\t\t<\/div>\n\t\t\t\t<\/div>\n\t\t\n\t\t<div class=\"default no-position show_shadow rs-sticky-default elementor-element elementor-element-f9c3e33 e-con-full e-flex e-con e-parent\" data-id=\"f9c3e33\" data-element_type=\"container\" data-core-v316-plus=\"true\">\n\t\t\n\t\t\t\t<div class=\"elementor-element elementor-element-72d2998 elementor-widget elementor-widget-rs-heading\" data-id=\"72d2998\" data-element_type=\"widget\" data-widget_type=\"rs-heading.default\">\n\t\t\t\t<div class=\"elementor-widget-container\">\n\t\t\t\n\t\t<div class=\"prelements-heading default  left\">\n\t\t\t<div class=\"title-inner\">\n\t\t\t\t\t\t\t\t\t<span class=\"sub-text\">\n\t\t\t\t\t\t\t\t\t\t\t\tInformare derulare proiect:\t\t\t\t\t<\/span>\n\t\t\t\t<h4 class=\"title rs-split-text-disable\">\u201eDiversificarea \u0219i cre\u0219terea capacit\u0103\u021bii de produc\u021bie a FLEXON - ALL SRL\u201d<\/h4>\n\t\t\t<\/div>\n\t\t\t\t\t\t\t<div class=\"description\">\n\t\t\t\t\t<p class=\"western\">FLEXON - ALL SRL implementeaz\u0103 proiectul cu titlul \u201eDiversificarea \u0219i cre\u0219terea capacit\u0103\u021bii de produc\u021bie a FLEXON - ALL SRL\u201d, cod SMIS 328921, finan\u021bat \u00een cadrul Programului Regional Sud-Muntenia 2021-2027, Prioritatea P1 - O regiune competitiv\u0103 prin inovare, digitalizare \u0219i \u00eentreprinderi dinamice, Obiectiv specific RSO 1.3. - Intensificarea cre\u0219terii sustenabile \u0219i cre\u0219terea competitivit\u0103\u021bii IMM-urilor \u0219i crearea de locuri de munc\u0103 \u00een cadrul IMM-urilor, inclusiv prin investi\u021bii productive, Apel PRSM\/267\/PRSM_P1\/OP1\/RSO1.3\/PRSM_A44.<\/p><p class=\"western\"><strong>Loca\u021bia de implementare:<\/strong>Jude\u021bul Prahova, municipiul Ploie\u0219ti.<\/p><p class=\"western\"><strong>Obiectivul general al proiectului<\/strong> este \u00eembun\u0103t\u0103\u021birea competitivit\u0103\u021bii economice a companiei Flexon-All \u0219i consolidarea pozi\u021biei pe pia\u021b\u0103 datorit\u0103 unor avantaje competitive care s\u0103 \u00eei permit\u0103 cre\u0219terea dimensiunii pie\u021bei adresate. Scopul este ca datorit\u0103 capacit\u0103\u021bilor tehnologice specifice, active corporale \u0219i necorporale, de ultim\u0103 genera\u021bie \u0219i \u00eenalt\u0103 performan\u021b\u0103, firma s\u0103 \u00ee\u0219i dezvolte activitatea \u021bintind dezvoltarea de noi produse, cre\u0219terea productivit\u0103\u021bii \u0219i consolidarea unor competen\u021be superioare concuren\u021bei, prin diversificarea produselor \u0219i o mai mare vizibilitate \u0219i \u00eencredere din partea clien\u021bilor asigurat\u0103 de certificarile de\u021binute.<\/p><p class=\"western\"><strong>Obiective specifice ale proiectului sunt:<\/strong><\/p><p class=\"western\">1. Realizarea unei investi\u021bii noi const\u00e2nd \u00een diversificarea produc\u021biei companiei \u0219i fabricarea unui produs care nu a mai fost fabricat anterior - Grup pompare ape uzate - datorit\u0103 cre\u0219terii capacit\u0103\u021bii de produc\u021bie cu 6 active corporale \u0219i 1 activ necorporal, achizi\u021bionate \u00een termen de 12 luni de la semnarea contractului de finan\u021bare.<\/p><p class=\"western\">2. Utilizarea surselor de energie curat\u0103 \u00een unitatea de produc\u021bie \u0219i reducerea emisiilor de echivalent CO2 prin achizi\u021bia unui sistem de panouri fotovoltaice<\/p><p class=\"western\">3. Asigurarea premiselor pentru cre\u0219terea pie\u021bei adresate datorit\u0103 ob\u021binerii a 2 certific\u0103ri \u2013 certificarea de proces \u0219i certificarea noului produs \u0219i particip\u0103rii la 1 t\u00e2rg interna\u021bional, p\u00e2n\u0103 la finalul proiectului.<\/p><p class=\"western\">Rezultatele a\u0219teptate ale proiectului vizeaz\u0103: asigurarea premiselor pentru cre\u0219terea pie\u021bei adresate datorit\u0103 ob\u021binerii a 2 certific\u0103ri \u2013 certificarea de proces \u0219i certificarea noului produs \u0219i particip\u0103rii la 1 targ interna\u021bional, p\u00e2n\u0103 la finalul proiectului; utilizarea surselor de energie curat\u0103 \u00een unitatea de produc\u021bie \u0219i reducerea emisiilor de echivalent CO2 prin achizi\u021bia unui sistem de panouri fotovoltaice; realizarea unei investi\u021bii noi const\u00e2nd \u00een diversificarea produc\u021biei companiei \u0219i fabricarea unui produs care nu a mai fost fabricat anterior - Grup pompare ape uzate- datorit\u0103 cre\u0219terii capacita\u021bii de produc\u021bie cu 6 active corporale \u0219i 1 activ necorporal, achizi\u021bionate \u00een termen de 12 luni de la semnarea contractului de finan\u021bare.<\/p><p class=\"western\"><strong>Data de \u00eencepere a proiectului<\/strong>: 02\/06\/2025<\/p><p class=\"western\"><strong>Data finaliz\u0103rii proiectului<\/strong>: 02\/06\/2026<\/p><p class=\"western\">\u2022 Buget total: 692.964,43 Euro<\/p><p class=\"western\">\u2022 Buget UE: 325.173,52 Euro<\/p><p class=\"western\">\u2022 Buget na\u021bional: 57.383,56 Euro<\/p><p class=\"western\">\u2022 Buget beneficiar: 310.407,34 Euro<\/p><p class=\"western\"><span lang=\"en-US\">Comunicatul de pres\u0103 \u00een format PDF poate fi vizualizat <\/span><a href=\"https:\/\/flexon-all.com\/wp-content\/uploads\/2025\/06\/comunicat-presa-PR-SM-2021-2027-FLEXON.pdf\" target=\"_blank\" rel=\"noopener\"><strong><span lang=\"en-US\"><u>aici<\/u><\/span><\/strong><\/a><\/p><p class=\"western\">Pentru informa\u021bii suplimentare legate de Programul Regional Sud-Muntenia 2021-2027, v\u0103 invit\u0103m s\u0103 vizita\u021bi site-ul <span style=\"color: #0563c1\"><u><a href=\"https:\/\/2021-2027.adrmuntenia.ro\/\" target=\"_blank\" rel=\"noopener\">2021-2027.adrmuntenia.ro<\/a><\/u><\/span>, iar despre celelalte programe cofinan\u021bate de Uniunea European\u0103, pute\u021bi accesa <span style=\"color: #0563c1\"><u><a href=\"https:\/\/mfe.gov.ro\/\" target=\"_blank\" rel=\"noopener\">mfe.gov.ro<\/a><\/u><\/span><\/p>\t\t\t\t<\/div>\n\t\t\t\t\t<\/div>\n\t\t<\/div>\n\t\t\t\t<\/div>\n\t\t\t\t<\/div>\n\t\t\t\t<\/div>","protected":false},"excerpt":{"rendered":"<p>Project progress report: \u201cDiversification and increase of production capacity at FLEXON &#8211; ALL SRL\u201d FLEXON &#8211; ALL SRL is implementing the project entitled \u201cDiversification and increase of the production capacity of FLEXON &#8211; ALL SRL\u201d, code SMIS 328921, financed under the South-Muntenia Regional Program 2021-2027, Priority P1 &#8211; A competitive region through innovation, digitalization, and&#8230;<\/p>","protected":false},"author":1,"featured_media":0,"parent":0,"menu_order":0,"comment_status":"closed","ping_status":"closed","template":"","meta":{"_monsterinsights_skip_tracking":false,"_monsterinsights_sitenote_active":false,"_monsterinsights_sitenote_note":"","_monsterinsights_sitenote_category":0,"footnotes":""},"aioseo_notices":[],"_links":{"self":[{"href":"https:\/\/flexon-all.com\/ro\/wp-json\/wp\/v2\/pages\/30976"}],"collection":[{"href":"https:\/\/flexon-all.com\/ro\/wp-json\/wp\/v2\/pages"}],"about":[{"href":"https:\/\/flexon-all.com\/ro\/wp-json\/wp\/v2\/types\/page"}],"author":[{"embeddable":true,"href":"https:\/\/flexon-all.com\/ro\/wp-json\/wp\/v2\/users\/1"}],"replies":[{"embeddable":true,"href":"https:\/\/flexon-all.com\/ro\/wp-json\/wp\/v2\/comments?post=30976"}],"version-history":[{"count":52,"href":"https:\/\/flexon-all.com\/ro\/wp-json\/wp\/v2\/pages\/30976\/revisions"}],"predecessor-version":[{"id":31094,"href":"https:\/\/flexon-all.com\/ro\/wp-json\/wp\/v2\/pages\/30976\/revisions\/31094"}],"wp:attachment":[{"href":"https:\/\/flexon-all.com\/ro\/wp-json\/wp\/v2\/media?parent=30976"}],"curies":[{"name":"wp","href":"https:\/\/api.w.org\/{rel}","templated":true}]}}